{"id":3,"date":"2023-01-25T12:32:10","date_gmt":"2023-01-25T12:32:10","guid":{"rendered":"https:\/\/fr.mayegui.com\/?page_id=3"},"modified":"2025-09-11T14:47:40","modified_gmt":"2025-09-11T14:47:40","slug":"politiquesdeconfidentialite","status":"publish","type":"page","link":"https:\/\/fr.mayegui.com\/index.php\/politiquesdeconfidentialite\/","title":{"rendered":"Politique de Confidentialit\u00e9"},"content":{"rendered":"\n<p><\/p>\n\n\n\n<p>Le Titulaire vous informe de sa Politique de Confidentialit\u00e9 concernant le traitement et la protection des donn\u00e9es \u00e0 caract\u00e8re personnel des utilisateurs pouvant \u00eatre recueillies lors de la navigation sur le Site Web : <a href=\"https:\/\/fr.mayegui.com\">https:\/\/fr.mayegui.com<\/a><\/p>\n\n\n\n<p>\u00c0 cet \u00e9gard, le Titulaire garantit le respect de la r\u00e9glementation en vigueur en mati\u00e8re de protection des donn\u00e9es personnelles, telle que pr\u00e9vue par la Loi Organique 3\/2018 du 5 d\u00e9cembre relative \u00e0 la Protection des Donn\u00e9es Personnelles et \u00e0 la Garantie des Droits Num\u00e9riques (LOPD GDD). Il se conforme \u00e9galement au R\u00e8glement (UE) 2016\/679 du Parlement Europ\u00e9en et du Conseil du 27 avril 2016 relatif \u00e0 la protection des personnes physiques (RGPD).<\/p>\n\n\n\n<p>L\u2019utilisation de ce site Web implique l\u2019acceptation de la pr\u00e9sente Politique de Confidentialit\u00e9 ainsi que des conditions incluses dans l\u2019Avis L\u00e9gal.<\/p>\n\n\n\n<hr class=\"wp-block-separator has-alpha-channel-opacity\"\/>\n\n\n\n<h2 class=\"wp-block-heading\">Identit\u00e9 du Responsable<\/h2>\n\n\n\n<ul class=\"wp-block-list\">\n<li><strong>Responsable<\/strong> : Mariana Ochoa Gavaldon<\/li>\n\n\n\n<li><strong>NIF<\/strong> : 9912095140<\/li>\n\n\n\n<li><strong>Adresse<\/strong> : 17 rue des estuves, Saint Antoine L&rsquo;Abbaye, Rh\u00f4ne-Alpes &#8211; France<\/li>\n\n\n\n<li><strong>E-mail<\/strong> : <a>may8ag@gmail.com<\/a><\/li>\n\n\n\n<li><strong>Site Web<\/strong> : <a href=\"https:\/\/fr.mayegui.com\">https:\/\/fr.mayegui.com<\/a><\/li>\n<\/ul>\n\n\n\n<hr class=\"wp-block-separator has-alpha-channel-opacity\"\/>\n\n\n\n<h2 class=\"wp-block-heading\">Principes appliqu\u00e9s au traitement des donn\u00e9es<\/h2>\n\n\n\n<p>Dans le traitement de vos donn\u00e9es personnelles, le Titulaire appliquera les principes suivants, conformes aux exigences du RGPD :<\/p>\n\n\n\n<ul class=\"wp-block-list\">\n<li><strong>Principe de lic\u00e9it\u00e9, loyaut\u00e9 et transparence<\/strong> : le consentement sera toujours demand\u00e9 pour le traitement des donn\u00e9es personnelles, pour une ou plusieurs finalit\u00e9s sp\u00e9cifiques clairement indiqu\u00e9es \u00e0 l\u2019utilisateur au pr\u00e9alable.<\/li>\n\n\n\n<li><strong>Principe de minimisation des donn\u00e9es<\/strong> : seules les donn\u00e9es strictement n\u00e9cessaires \u00e0 la finalit\u00e9 du traitement seront sollicit\u00e9es.<\/li>\n\n\n\n<li><strong>Principe de limitation de la conservation<\/strong> : les donn\u00e9es seront conserv\u00e9es uniquement pour la dur\u00e9e n\u00e9cessaire aux finalit\u00e9s du traitement. L\u2019Utilisateur sera inform\u00e9 de la dur\u00e9e de conservation correspondant \u00e0 chaque finalit\u00e9. Dans le cas des abonnements, le Titulaire proc\u00e9dera r\u00e9guli\u00e8rement \u00e0 une r\u00e9vision et supprimera les enregistrements inactifs.<\/li>\n\n\n\n<li><strong>Principe d\u2019int\u00e9grit\u00e9 et de confidentialit\u00e9<\/strong> : les donn\u00e9es seront trait\u00e9es de fa\u00e7on \u00e0 garantir leur s\u00e9curit\u00e9, confidentialit\u00e9 et int\u00e9grit\u00e9. Le Titulaire prend toutes les pr\u00e9cautions n\u00e9cessaires pour \u00e9viter tout acc\u00e8s non autoris\u00e9 ou toute utilisation abusive par des tiers.<\/li>\n<\/ul>\n\n\n\n<hr class=\"wp-block-separator has-alpha-channel-opacity\"\/>\n\n\n\n<h2 class=\"wp-block-heading\">Collecte des donn\u00e9es personnelles<\/h2>\n\n\n\n<p>La navigation sur le Site Web ne requiert pas la fourniture de donn\u00e9es personnelles.<br>Les cas dans lesquels vous fournissez vos donn\u00e9es personnelles sont les suivants :<\/p>\n\n\n\n<ul class=\"wp-block-list\">\n<li>Lorsque vous vous inscrivez via un formulaire d\u2019abonnement ou une newsletter g\u00e9r\u00e9e par ActiveCampaign.<\/li>\n<\/ul>\n\n\n\n<hr class=\"wp-block-separator has-alpha-channel-opacity\"\/>\n\n\n\n<h2 class=\"wp-block-heading\">Droits des utilisateurs<\/h2>\n\n\n\n<p>Le Titulaire vous informe que vous disposez, sur vos donn\u00e9es personnelles, du droit de :<\/p>\n\n\n\n<ul class=\"wp-block-list\">\n<li>Demander l\u2019acc\u00e8s aux donn\u00e9es conserv\u00e9es.<\/li>\n\n\n\n<li>Demander la rectification ou la suppression.<\/li>\n\n\n\n<li>Demander la limitation du traitement.<\/li>\n\n\n\n<li>Vous opposer au traitement.<\/li>\n<\/ul>\n\n\n\n<p>(Vous ne pouvez pas exercer le droit \u00e0 la portabilit\u00e9 des donn\u00e9es).<\/p>\n\n\n\n<p>L\u2019exercice de ces droits est strictement personnel : il doit \u00eatre exerc\u00e9 par l\u2019int\u00e9ress\u00e9 lui-m\u00eame en adressant une demande directe au Titulaire. Tout client, abonn\u00e9 ou collaborateur ayant communiqu\u00e9 ses donn\u00e9es peut ainsi demander des informations, rectifier, limiter, s\u2019opposer ou demander la suppression de ses donn\u00e9es.<\/p>\n\n\n\n<p>Pour exercer vos droits, vous devez envoyer votre demande accompagn\u00e9e d\u2019une copie de votre pi\u00e8ce d\u2019identit\u00e9 \u00e0 l\u2019adresse e-mail suivante : <strong><a>may8ag@gmail.com<\/a><\/strong>.<\/p>\n\n\n\n<p>L\u2019exercice de ces droits n\u2019inclut pas les donn\u00e9es que le Titulaire est tenu de conserver \u00e0 des fins administratives, l\u00e9gales ou de s\u00e9curit\u00e9.<\/p>\n\n\n\n<p>Vous avez \u00e9galement le droit \u00e0 une protection juridictionnelle effective et \u00e0 d\u00e9poser une r\u00e9clamation aupr\u00e8s de l\u2019autorit\u00e9 de contr\u00f4le comp\u00e9tente, en l\u2019occurrence l\u2019<strong>Agence Espagnole de Protection des Donn\u00e9es<\/strong>, si vous estimez que le traitement de vos donn\u00e9es personnelles enfreint le RGPD.<\/p>\n\n\n\n<hr class=\"wp-block-separator has-alpha-channel-opacity\"\/>\n\n\n\n<h2 class=\"wp-block-heading\">Finalit\u00e9 du traitement des donn\u00e9es personnelles<\/h2>\n\n\n\n<p>Lorsque vous vous connectez au Site Web, que vous envoyez un e-mail ou que vous vous abonnez \u00e0 la newsletter, vous fournissez des informations personnelles dont le responsable est le Titulaire. Ces informations peuvent inclure votre adresse IP, vos nom et pr\u00e9nom, votre adresse postale, votre adresse e-mail, votre num\u00e9ro de t\u00e9l\u00e9phone et d\u2019autres informations.<\/p>\n\n\n\n<p>En fournissant ces informations, vous consentez \u00e0 ce qu\u2019elles soient collect\u00e9es, utilis\u00e9es, g\u00e9r\u00e9es et stock\u00e9es par <strong>Raiola Networks<\/strong>, conform\u00e9ment \u00e0 la pr\u00e9sente Politique de Confidentialit\u00e9 et aux pages suivantes :<\/p>\n\n\n\n<ul class=\"wp-block-list\">\n<li>Avis L\u00e9gal<\/li>\n\n\n\n<li>Politique de Confidentialit\u00e9<\/li>\n<\/ul>\n\n\n\n<h3 class=\"wp-block-heading\">Syst\u00e8mes de collecte d\u2019information<\/h3>\n\n\n\n<ul class=\"wp-block-list\">\n<li><strong>Formulaires d\u2019abonnement<\/strong> : les donn\u00e9es demand\u00e9es sont nom, pr\u00e9nom, adresse e-mail, num\u00e9ro de t\u00e9l\u00e9phone et adresse de site web. Elles sont utilis\u00e9es pour g\u00e9rer la liste d\u2019abonn\u00e9s, envoyer des newsletters, promotions et offres sp\u00e9ciales. Les donn\u00e9es sont h\u00e9berg\u00e9es sur les serveurs d\u2019<strong>ActiveCampaign, LLC<\/strong> (\u00c9tats-Unis).<\/li>\n<\/ul>\n\n\n\n<h3 class=\"wp-block-heading\">Autres finalit\u00e9s<\/h3>\n\n\n\n<ul class=\"wp-block-list\">\n<li>Garantir le respect des conditions de l\u2019Avis L\u00e9gal et de la loi applicable.<\/li>\n\n\n\n<li>Soutenir et am\u00e9liorer les services du Site Web.<\/li>\n\n\n\n<li>G\u00e9rer la pr\u00e9sence du Titulaire sur les r\u00e9seaux sociaux (Facebook, Twitter, LinkedIn, YouTube, Instagram).<br>Le traitement de vos donn\u00e9es se fait conform\u00e9ment aux conditions d\u2019utilisation, politiques de confidentialit\u00e9 et r\u00e8gles de chaque r\u00e9seau social.<\/li>\n<\/ul>\n\n\n\n<p>Le Titulaire n\u2019utilisera en aucun cas les profils de ses abonn\u00e9s sur les r\u00e9seaux sociaux pour envoyer de la publicit\u00e9 individuelle.<\/p>\n\n\n\n<hr class=\"wp-block-separator has-alpha-channel-opacity\"\/>\n\n\n\n<h2 class=\"wp-block-heading\">S\u00e9curit\u00e9 des donn\u00e9es personnelles<\/h2>\n\n\n\n<p>Le Titulaire prend toutes les pr\u00e9cautions raisonnables et suit les meilleures pratiques du secteur afin de prot\u00e9ger vos donn\u00e9es personnelles contre toute perte, mauvaise utilisation, acc\u00e8s non autoris\u00e9, divulgation, alt\u00e9ration ou destruction.<\/p>\n\n\n\n<p>Le site est h\u00e9berg\u00e9 par <strong>Raiola Networks<\/strong>. La s\u00e9curit\u00e9 des donn\u00e9es y est garantie, toutes les mesures n\u00e9cessaires \u00e9tant mises en place.<\/p>\n\n\n\n<hr class=\"wp-block-separator has-alpha-channel-opacity\"\/>\n\n\n\n<h2 class=\"wp-block-heading\">Contenu provenant d\u2019autres sites<\/h2>\n\n\n\n<p>Les pages du Site Web peuvent inclure du contenu int\u00e9gr\u00e9 (vid\u00e9os, images, articles, etc.). Le contenu int\u00e9gr\u00e9 depuis d\u2019autres sites se comporte de la m\u00eame mani\u00e8re que si l\u2019utilisateur visitait directement ces sites.<\/p>\n\n\n\n<p>Ces sites peuvent collecter des donn\u00e9es, utiliser des cookies, ins\u00e9rer un code de suivi tiers et suivre vos interactions.<\/p>\n\n\n\n<hr class=\"wp-block-separator has-alpha-channel-opacity\"\/>\n\n\n\n<h2 class=\"wp-block-heading\">Politique de Cookies<\/h2>\n\n\n\n<p>Pour que le Site Web fonctionne correctement, il est n\u00e9cessaire d\u2019utiliser des cookies, qui sont stock\u00e9s dans votre navigateur.<\/p>\n\n\n\n<hr class=\"wp-block-separator has-alpha-channel-opacity\"\/>\n\n\n\n<h2 class=\"wp-block-heading\">Base l\u00e9gale du traitement<\/h2>\n\n\n\n<p>La base l\u00e9gale pour le traitement de vos donn\u00e9es est : <strong>le consentement de l\u2019int\u00e9ress\u00e9<\/strong>.<\/p>\n\n\n\n<hr class=\"wp-block-separator has-alpha-channel-opacity\"\/>\n\n\n\n<h2 class=\"wp-block-heading\">Cat\u00e9gories de donn\u00e9es personnelles<\/h2>\n\n\n\n<ul class=\"wp-block-list\">\n<li>Donn\u00e9es d\u2019identification.<br>(Aucune cat\u00e9gorie particuli\u00e8re de donn\u00e9es sensibles n\u2019est trait\u00e9e).<\/li>\n<\/ul>\n\n\n\n<hr class=\"wp-block-separator has-alpha-channel-opacity\"\/>\n\n\n\n<h2 class=\"wp-block-heading\">Conservation des donn\u00e9es<\/h2>\n\n\n\n<p>Les donn\u00e9es personnelles seront conserv\u00e9es jusqu\u2019\u00e0 ce que vous demandiez leur suppression.<\/p>\n\n\n\n<hr class=\"wp-block-separator has-alpha-channel-opacity\"\/>\n\n\n\n<h2 class=\"wp-block-heading\">Destinataires des donn\u00e9es personnelles<\/h2>\n\n\n\n<ul class=\"wp-block-list\">\n<li><strong>ActiveCampaign, LLC<\/strong> (\u00c9tats-Unis) \u2013 services de marketing par e-mail (<a href=\"https:\/\/activecampaign.com\">politique de confidentialit\u00e9<\/a>)<\/li>\n\n\n\n<li><strong>Google AdSense<\/strong> (Google Inc., \u00c9tats-Unis) \u2013 services publicitaires utilisant des cookies pour am\u00e9liorer la pertinence et la performance des campagnes (<a href=\"https:\/\/www.google.com\/adsense\">plus d\u2019informations<\/a>)<\/li>\n<\/ul>\n\n\n\n<hr class=\"wp-block-separator has-alpha-channel-opacity\"\/>\n\n\n\n<h2 class=\"wp-block-heading\">Navigation sur le Site Web<\/h2>\n\n\n\n<p>Lors de la navigation, des donn\u00e9es non identifiantes peuvent \u00eatre collect\u00e9es (adresse IP, localisation, habitudes de navigation, etc.).<\/p>\n\n\n\n<p>Le Site utilise les services tiers suivants :<\/p>\n\n\n\n<ul class=\"wp-block-list\">\n<li><strong>Google AdSense<\/strong><\/li>\n<\/ul>\n\n\n\n<p>Ces informations sont utilis\u00e9es \u00e0 des fins statistiques, pour analyser les tendances, administrer le site et recueillir des donn\u00e9es d\u00e9mographiques.<\/p>\n\n\n\n<p>Le Titulaire n\u2019est pas responsable du traitement effectu\u00e9 par les sites tiers accessibles via des liens pr\u00e9sents sur le Site Web.<\/p>\n\n\n\n<hr class=\"wp-block-separator has-alpha-channel-opacity\"\/>\n\n\n\n<h2 class=\"wp-block-heading\">Exactitude et v\u00e9racit\u00e9 des donn\u00e9es<\/h2>\n\n\n\n<p>Vous vous engagez \u00e0 ce que les donn\u00e9es fournies soient exactes, compl\u00e8tes et \u00e0 jour. En tant qu\u2019Utilisateur, vous \u00eates seul responsable de l\u2019exactitude des donn\u00e9es transmises, le Titulaire \u00e9tant d\u00e9gag\u00e9 de toute responsabilit\u00e9 \u00e0 cet \u00e9gard.<\/p>\n\n\n\n<hr class=\"wp-block-separator has-alpha-channel-opacity\"\/>\n\n\n\n<h2 class=\"wp-block-heading\">Acceptation et consentement<\/h2>\n\n\n\n<p>En utilisant ce Site Web, vous d\u00e9clarez avoir \u00e9t\u00e9 inform\u00e9 des conditions relatives \u00e0 la protection des donn\u00e9es personnelles et vous acceptez leur traitement par le Titulaire, conform\u00e9ment aux finalit\u00e9s \u00e9nonc\u00e9es.<\/p>\n\n\n\n<p>Pour contacter le Titulaire, vous abonner \u00e0 une newsletter ou publier un commentaire sur le Site, vous devez accepter la pr\u00e9sente Politique de Confidentialit\u00e9.<\/p>\n\n\n\n<hr class=\"wp-block-separator has-alpha-channel-opacity\"\/>\n\n\n\n<h2 class=\"wp-block-heading\">Modifications de la Politique de Confidentialit\u00e9<\/h2>\n\n\n\n<p>Le Titulaire se r\u00e9serve le droit de modifier la pr\u00e9sente Politique de Confidentialit\u00e9 afin de l\u2019adapter aux \u00e9volutions l\u00e9gislatives ou jurisprudentielles, ainsi qu\u2019aux pratiques du secteur.<\/p>\n\n\n\n<p>Cette politique restera en vigueur jusqu\u2019\u00e0 sa modification par une nouvelle version d\u00fbment publi\u00e9e.<\/p>\n\n\n\n<h2 class=\"wp-block-heading\"><\/h2>\n\n\n\n<h2 class=\"wp-block-heading\"><\/h2>\n\n\n\n<p><\/p>\n","protected":false},"excerpt":{"rendered":"<p>Le Titulaire vous informe de sa Politique de Confidentialit\u00e9 concernant le traitement et la protection des donn\u00e9es \u00e0 caract\u00e8re personnel des utilisateurs pouvant \u00eatre recueillies lors de la navigation sur le Site Web : https:\/\/fr.mayegui.com \u00c0 cet \u00e9gard, le Titulaire garantit le respect de la r\u00e9glementation en vigueur en mati\u00e8re de protection des donn\u00e9es personnelles, &#8230; <a title=\"Politique de Confidentialit\u00e9\" class=\"read-more\" href=\"https:\/\/fr.mayegui.com\/index.php\/politiquesdeconfidentialite\/\" aria-label=\"En savoir plus sur Politique de Confidentialit\u00e9\">Lire la suite<\/a><\/p>\n","protected":false},"author":1,"featured_media":0,"parent":0,"menu_order":0,"comment_status":"closed","ping_status":"open","template":"","meta":{"footnotes":""},"class_list":["post-3","page","type-page","status-publish"],"_links":{"self":[{"href":"https:\/\/fr.mayegui.com\/index.php\/wp-json\/wp\/v2\/pages\/3","targetHints":{"allow":["GET"]}}],"collection":[{"href":"https:\/\/fr.mayegui.com\/index.php\/wp-json\/wp\/v2\/pages"}],"about":[{"href":"https:\/\/fr.mayegui.com\/index.php\/wp-json\/wp\/v2\/types\/page"}],"author":[{"embeddable":true,"href":"https:\/\/fr.mayegui.com\/index.php\/wp-json\/wp\/v2\/users\/1"}],"replies":[{"embeddable":true,"href":"https:\/\/fr.mayegui.com\/index.php\/wp-json\/wp\/v2\/comments?post=3"}],"version-history":[{"count":1,"href":"https:\/\/fr.mayegui.com\/index.php\/wp-json\/wp\/v2\/pages\/3\/revisions"}],"predecessor-version":[{"id":418,"href":"https:\/\/fr.mayegui.com\/index.php\/wp-json\/wp\/v2\/pages\/3\/revisions\/418"}],"wp:attachment":[{"href":"https:\/\/fr.mayegui.com\/index.php\/wp-json\/wp\/v2\/media?parent=3"}],"curies":[{"name":"wp","href":"https:\/\/api.w.org\/{rel}","templated":true}]}}